{"id":1374,"date":"2023-06-22T04:31:59","date_gmt":"2023-06-22T04:31:59","guid":{"rendered":"http:\/\/tkconcierge.com.br\/?page_id=1374"},"modified":"2023-06-28T22:10:13","modified_gmt":"2023-06-28T22:10:13","slug":"blog","status":"publish","type":"page","link":"https:\/\/tkconcierge.com.br\/index.php\/blog\/","title":{"rendered":"blog"},"content":{"rendered":"\n<div class=\"wp-block-uagb-wp-search uagb-wp-search__outer-wrap uagb-block-75a142ce uagb-layout-input-button\"><form class=\"uagb-search-wrapper\" role=\"search\" action=\"https:\/\/tkconcierge.com.br\" method=\"get\"><div class=\"uagb-search-form__container\" role=\"tablist\"><input placeholder=\"Pesquise aqui no nosso blog\" class=\"uagb-search-form__input\" type=\"search\" name=\"s\" title=\"Search\"\/><button class=\"uagb-search-submit\" type=\"submit\"><span class=\"uagb-wp-search-button-icon-wrap\"><svg xmlns=\"https:\/\/www.w3.org\/2000\/svg\" viewBox=\"0 0 512 512\"><path d=\"M500.3 443.7l-119.7-119.7c27.22-40.41 40.65-90.9 33.46-144.7C401.8 87.79 326.8 13.32 235.2 1.723C99.01-15.51-15.51 99.01 1.724 235.2c11.6 91.64 86.08 166.7 177.6 178.9c53.8 7.189 104.3-6.236 144.7-33.46l119.7 119.7c15.62 15.62 40.95 15.62 56.57 0C515.9 484.7 515.9 459.3 500.3 443.7zM79.1 208c0-70.58 57.42-128 128-128s128 57.42 128 128c0 70.58-57.42 128-128 128S79.1 278.6 79.1 208z\"><\/path><\/svg><\/span><\/button><\/div><\/form><\/div>\n\n\n\n<p><\/p>\n\n\n\n<div class=\"eb-parent-wrapper eb-parent-eb-post-grid-73cmzkm\">\n    <div\n        class=\"eb-post-grid-wrapper eb-post-grid-73cmzkm style-1 \"\n        data-id=\"eb-post-grid-73cmzkm\"\n        data-querydata=\"a:13:{s:6:&quot;source&quot;;s:4:&quot;post&quot;;s:11:&quot;sourceIndex&quot;;i:0;s:9:&quot;rest_base&quot;;s:5:&quot;posts&quot;;s:14:&quot;rest_namespace&quot;;s:5:&quot;wp\/v2&quot;;s:6:&quot;author&quot;;s:0:&quot;&quot;;s:10:&quot;taxonomies&quot;;a:0:{}s:8:&quot;per_page&quot;;s:1:&quot;6&quot;;s:6:&quot;offset&quot;;s:1:&quot;0&quot;;s:7:&quot;orderby&quot;;s:4:&quot;date&quot;;s:5:&quot;order&quot;;s:4:&quot;desc&quot;;s:7:&quot;include&quot;;s:0:&quot;&quot;;s:7:&quot;exclude&quot;;s:0:&quot;&quot;;s:15:&quot;exclude_current&quot;;b:0;}\"\n        data-attributes=\"a:16:{s:13:&quot;thumbnailSize&quot;;s:0:&quot;&quot;;s:6:&quot;preset&quot;;s:7:&quot;style-1&quot;;s:13:&quot;showThumbnail&quot;;b:1;s:9:&quot;showTitle&quot;;b:1;s:11:&quot;titleLength&quot;;s:0:&quot;&quot;;s:8:&quot;titleTag&quot;;s:2:&quot;h2&quot;;s:11:&quot;showContent&quot;;b:1;s:13:&quot;contentLength&quot;;i:20;s:18:&quot;expansionIndicator&quot;;s:3:&quot;...&quot;;s:12:&quot;showReadMore&quot;;b:0;s:12:&quot;readmoreText&quot;;s:9:&quot;Read More&quot;;s:8:&quot;showMeta&quot;;b:1;s:10:&quot;headerMeta&quot;;s:45:&quot;[{&quot;value&quot;:&quot;categories&quot;,&quot;label&quot;:&quot;Categories&quot;}]&quot;;s:10:&quot;footerMeta&quot;;s:2:&quot;[]&quot;;s:12:&quot;authorPrefix&quot;;s:2:&quot;by&quot;;s:10:&quot;datePrefix&quot;;s:2:&quot;on&quot;;}\">\n\n        <article class=\"ebpg-grid-post ebpg-post-grid-column\" data-id=\"1627\"><div class=\"ebpg-grid-post-holder\"><div class=\"ebpg-entry-media\">\n                <div class=\"ebpg-entry-thumbnail\">\n                    <a class=\"ebpg-post-link-wrapper\" href=\"https:\/\/tkconcierge.com.br\/index.php\/2025\/11\/05\/primeira-vez-em-orlando-tudo-que-voce-precisa-saber\/\"><\/a>\n                    <img decoding=\"async\" width=\"652\" height=\"367\" src=\"https:\/\/tkconcierge.com.br\/wp-content\/uploads\/2023\/06\/halloween-5.webp\" class=\"attachment- size- wp-post-image\" alt=\"\" loading=\"lazy\" \/>\n                <\/div>\n            <\/div><div class=\"ebpg-entry-wrapper\"><header class=\"ebpg-entry-header\">\n            <h2 class=\"ebpg-entry-title\">\n                <a class=\"ebpg-grid-post-link\" href=\"https:\/\/tkconcierge.com.br\/index.php\/2025\/11\/05\/primeira-vez-em-orlando-tudo-que-voce-precisa-saber\/\" title=\"Primeira vez em orlando? Tudo que voce precisa saber\">Primeira vez em orlando? Tudo que voce precisa saber<\/a>\n            <\/h2>\n        <\/header><div class=\"ebpg-entry-meta ebpg-header-meta\"><div class=\"ebpg-entry-meta-items\"><div class=\"ebpg-meta ebpg-categories-meta\"><a href=\"https:\/\/tkconcierge.com.br\/index.php\/category\/disney\/\" title=\"Disney\">Disney<\/a><a href=\"https:\/\/tkconcierge.com.br\/index.php\/category\/hoteis\/\" title=\"Hot\u00e9is\">Hot\u00e9is<\/a><a href=\"https:\/\/tkconcierge.com.br\/index.php\/category\/infomacao-util\/\" title=\"Infoma\u00e7\u00e3o \u00fatil\">Infoma\u00e7\u00e3o \u00fatil<\/a><a href=\"https:\/\/tkconcierge.com.br\/index.php\/category\/sobre-a-cidade\/\" title=\"Sobre a cidade\">Sobre a cidade<\/a><a href=\"https:\/\/tkconcierge.com.br\/index.php\/category\/universal\/\" title=\"Universal\">Universal<\/a><\/div><\/div><\/div><div class=\"ebpg-entry-content\"><div class=\"ebpg-grid-post-excerpt\">\n            <p>\n\n\n\n\n\n\n\n\nPlanejar uma viagem para Orlando pode ser emocionante\u2026 e tamb\u00e9m bem confuso.\n\n\n\nDisney, Universal, SeaWorld, aluguel de carro, hospedagem, roteiro, ingressos,&#8230;<\/p>\n        <\/div><\/div><div class=\"ebpg-entry-meta ebpg-footer-meta\"><div class=\"ebpg-entry-meta-items\"><\/div><\/div><\/div><\/div><\/article><article class=\"ebpg-grid-post ebpg-post-grid-column\" data-id=\"1620\"><div class=\"ebpg-grid-post-holder\"><div class=\"ebpg-entry-media\">\n                <div class=\"ebpg-entry-thumbnail\">\n                    <a class=\"ebpg-post-link-wrapper\" href=\"https:\/\/tkconcierge.com.br\/index.php\/2025\/11\/05\/tudo-sobre-o-universal-epic-universe-em-orlando\/\"><\/a>\n                    <img decoding=\"async\" width=\"1212\" height=\"682\" src=\"https:\/\/tkconcierge.com.br\/wp-content\/uploads\/2025\/11\/Epic-Universe-logo-courtesy-of-Universal.png\" class=\"attachment- size- wp-post-image\" alt=\"\" loading=\"lazy\" \/>\n                <\/div>\n            <\/div><div class=\"ebpg-entry-wrapper\"><header class=\"ebpg-entry-header\">\n            <h2 class=\"ebpg-entry-title\">\n                <a class=\"ebpg-grid-post-link\" href=\"https:\/\/tkconcierge.com.br\/index.php\/2025\/11\/05\/tudo-sobre-o-universal-epic-universe-em-orlando\/\" title=\"tudo sobre o Universal Epic Universe em Orlando\">tudo sobre o Universal Epic Universe em Orlando<\/a>\n            <\/h2>\n        <\/header><div class=\"ebpg-entry-meta ebpg-header-meta\"><div class=\"ebpg-entry-meta-items\"><div class=\"ebpg-meta ebpg-categories-meta\"><a href=\"https:\/\/tkconcierge.com.br\/index.php\/category\/atracoes\/\" title=\"Atra\u00e7\u00f5es\">Atra\u00e7\u00f5es<\/a><a href=\"https:\/\/tkconcierge.com.br\/index.php\/category\/universal\/\" title=\"Universal\">Universal<\/a><\/div><\/div><\/div><div class=\"ebpg-entry-content\"><div class=\"ebpg-grid-post-excerpt\">\n            <p>\nSe a sua fam\u00edlia est\u00e1 planejando uma viagem para Orlando e voc\u00ea quer descobrir uma novidade absolutamente imperd\u00edvel, prepare-se: o&#8230;<\/p>\n        <\/div><\/div><div class=\"ebpg-entry-meta ebpg-footer-meta\"><div class=\"ebpg-entry-meta-items\"><\/div><\/div><\/div><\/div><\/article><article class=\"ebpg-grid-post ebpg-post-grid-column\" data-id=\"1612\"><div class=\"ebpg-grid-post-holder\"><div class=\"ebpg-entry-media\">\n                <div class=\"ebpg-entry-thumbnail\">\n                    <a class=\"ebpg-post-link-wrapper\" href=\"https:\/\/tkconcierge.com.br\/index.php\/2025\/11\/05\/conheca-os-hoteis-do-complexo-da-universal-orlando-resort\/\"><\/a>\n                    <img decoding=\"async\" width=\"1280\" height=\"853\" src=\"https:\/\/tkconcierge.com.br\/wp-content\/uploads\/2025\/11\/usj-universal-universal-studios-japan-earth-sunny-object-entrance-usj-usj-usj-usj-usj-universal-universal-universal-1914942.jpg\" class=\"attachment- size- wp-post-image\" alt=\"usj, universal, universal studios japan, earth, sunny, object, entrance, usj, usj, usj, usj, usj, universal, universal, universal-1914942.jpg\" loading=\"lazy\" \/>\n                <\/div>\n            <\/div><div class=\"ebpg-entry-wrapper\"><header class=\"ebpg-entry-header\">\n            <h2 class=\"ebpg-entry-title\">\n                <a class=\"ebpg-grid-post-link\" href=\"https:\/\/tkconcierge.com.br\/index.php\/2025\/11\/05\/conheca-os-hoteis-do-complexo-da-universal-orlando-resort\/\" title=\"Conhe\u00e7a os hot\u00e9is do complexo da Universal Orlando Resort\">Conhe\u00e7a os hot\u00e9is do complexo da Universal Orlando Resort<\/a>\n            <\/h2>\n        <\/header><div class=\"ebpg-entry-meta ebpg-header-meta\"><div class=\"ebpg-entry-meta-items\"><div class=\"ebpg-meta ebpg-categories-meta\"><a href=\"https:\/\/tkconcierge.com.br\/index.php\/category\/hoteis\/\" title=\"Hot\u00e9is\">Hot\u00e9is<\/a><a href=\"https:\/\/tkconcierge.com.br\/index.php\/category\/universal\/\" title=\"Universal\">Universal<\/a><\/div><\/div><\/div><div class=\"ebpg-entry-content\"><div class=\"ebpg-grid-post-excerpt\">\n            <p>\n\n\n\n\nSe voc\u00ea est\u00e1 planejando uma viagem a Orlando e quer uma experi\u00eancia completa, confort\u00e1vel e pr\u00f3xima aos parques, ficar em&#8230;<\/p>\n        <\/div><\/div><div class=\"ebpg-entry-meta ebpg-footer-meta\"><div class=\"ebpg-entry-meta-items\"><\/div><\/div><\/div><\/div><\/article><article class=\"ebpg-grid-post ebpg-post-grid-column\" data-id=\"1590\"><div class=\"ebpg-grid-post-holder\"><div class=\"ebpg-entry-media\">\n                <div class=\"ebpg-entry-thumbnail\">\n                    <a class=\"ebpg-post-link-wrapper\" href=\"https:\/\/tkconcierge.com.br\/index.php\/2024\/05\/08\/novidades-na-festa-mickeys-not-so-scary-halloween-party\/\"><\/a>\n                    <img decoding=\"async\" width=\"900\" height=\"600\" src=\"https:\/\/tkconcierge.com.br\/wp-content\/uploads\/2024\/05\/IMG_0416.jpeg\" class=\"attachment- size- wp-post-image\" alt=\"\" loading=\"lazy\" \/>\n                <\/div>\n            <\/div><div class=\"ebpg-entry-wrapper\"><header class=\"ebpg-entry-header\">\n            <h2 class=\"ebpg-entry-title\">\n                <a class=\"ebpg-grid-post-link\" href=\"https:\/\/tkconcierge.com.br\/index.php\/2024\/05\/08\/novidades-na-festa-mickeys-not-so-scary-halloween-party\/\" title=\"Novidades na festa Mickey\u2019s Not-so-scary Halloween Party\">Novidades na festa Mickey\u2019s Not-so-scary Halloween Party<\/a>\n            <\/h2>\n        <\/header><div class=\"ebpg-entry-meta ebpg-header-meta\"><div class=\"ebpg-entry-meta-items\"><div class=\"ebpg-meta ebpg-categories-meta\"><a href=\"https:\/\/tkconcierge.com.br\/index.php\/category\/atracoes\/\" title=\"Atra\u00e7\u00f5es\">Atra\u00e7\u00f5es<\/a><a href=\"https:\/\/tkconcierge.com.br\/index.php\/category\/disney\/\" title=\"Disney\">Disney<\/a><a href=\"https:\/\/tkconcierge.com.br\/index.php\/category\/eventos\/\" title=\"Eventos\">Eventos<\/a><\/div><\/div><\/div><div class=\"ebpg-entry-content\"><div class=\"ebpg-grid-post-excerpt\">\n            <p>\n\n\n\n\n5 Novas surpresas chegando para a nova festa de Halloween da Disney\n\n\n\n\n\n\n\nSem truques aqui, porque a Disney est\u00e1 distribuindo cinco&#8230;<\/p>\n        <\/div><\/div><div class=\"ebpg-entry-meta ebpg-footer-meta\"><div class=\"ebpg-entry-meta-items\"><\/div><\/div><\/div><\/div><\/article><article class=\"ebpg-grid-post ebpg-post-grid-column\" data-id=\"1579\"><div class=\"ebpg-grid-post-holder\"><div class=\"ebpg-entry-media\">\n                <div class=\"ebpg-entry-thumbnail\">\n                    <a class=\"ebpg-post-link-wrapper\" href=\"https:\/\/tkconcierge.com.br\/index.php\/2023\/09\/21\/cartao-nomad-uma-otima-opcao-para-quem-vai-viajar-para-os-eua\/\"><\/a>\n                    <img decoding=\"async\" width=\"803\" height=\"595\" src=\"https:\/\/tkconcierge.com.br\/wp-content\/uploads\/2023\/09\/Nomad-App.png\" class=\"attachment- size- wp-post-image\" alt=\"\" loading=\"lazy\" \/>\n                <\/div>\n            <\/div><div class=\"ebpg-entry-wrapper\"><header class=\"ebpg-entry-header\">\n            <h2 class=\"ebpg-entry-title\">\n                <a class=\"ebpg-grid-post-link\" href=\"https:\/\/tkconcierge.com.br\/index.php\/2023\/09\/21\/cartao-nomad-uma-otima-opcao-para-quem-vai-viajar-para-os-eua\/\" title=\"Cart\u00e3o NOMAD uma \u00f3tima op\u00e7\u00e3o para quem vai viajar para os eua\">Cart\u00e3o NOMAD uma \u00f3tima op\u00e7\u00e3o para quem vai viajar para os eua<\/a>\n            <\/h2>\n        <\/header><div class=\"ebpg-entry-meta ebpg-header-meta\"><div class=\"ebpg-entry-meta-items\"><div class=\"ebpg-meta ebpg-categories-meta\"><a href=\"https:\/\/tkconcierge.com.br\/index.php\/category\/infomacao-util\/\" title=\"Infoma\u00e7\u00e3o \u00fatil\">Infoma\u00e7\u00e3o \u00fatil<\/a><\/div><\/div><\/div><div class=\"ebpg-entry-content\"><div class=\"ebpg-grid-post-excerpt\">\n            <p>\nContas internacionais j\u00e1 se popularizaram entre os vaijantes brasileiro. S\u00e3o v\u00e1rias op\u00e7\u00f5es, Nomad, Wise, C6, entre outras. J\u00e1 testamos algumas&#8230;<\/p>\n        <\/div><\/div><div class=\"ebpg-entry-meta ebpg-footer-meta\"><div class=\"ebpg-entry-meta-items\"><\/div><\/div><\/div><\/div><\/article><article class=\"ebpg-grid-post ebpg-post-grid-column\" data-id=\"1576\"><div class=\"ebpg-grid-post-holder\"><div class=\"ebpg-entry-media\">\n                <div class=\"ebpg-entry-thumbnail\">\n                    <a class=\"ebpg-post-link-wrapper\" href=\"https:\/\/tkconcierge.com.br\/index.php\/2023\/09\/21\/__trashed\/\"><\/a>\n                    <img decoding=\"async\" width=\"2560\" height=\"1707\" src=\"https:\/\/tkconcierge.com.br\/wp-content\/uploads\/2023\/06\/2023-02-24-Magic-Kingdom-Park-Main-Street-USA-1-scaled.jpeg\" class=\"attachment- size- wp-post-image\" alt=\"\" loading=\"lazy\" \/>\n                <\/div>\n            <\/div><div class=\"ebpg-entry-wrapper\"><header class=\"ebpg-entry-header\">\n            <h2 class=\"ebpg-entry-title\">\n                <a class=\"ebpg-grid-post-link\" href=\"https:\/\/tkconcierge.com.br\/index.php\/2023\/09\/21\/__trashed\/\" title=\"Como funcionada a validade dos ingressos disney\">Como funcionada a validade dos ingressos disney<\/a>\n            <\/h2>\n        <\/header><div class=\"ebpg-entry-meta ebpg-header-meta\"><div class=\"ebpg-entry-meta-items\"><div class=\"ebpg-meta ebpg-categories-meta\"><a href=\"https:\/\/tkconcierge.com.br\/index.php\/category\/atracoes\/\" title=\"Atra\u00e7\u00f5es\">Atra\u00e7\u00f5es<\/a><a href=\"https:\/\/tkconcierge.com.br\/index.php\/category\/disney\/\" title=\"Disney\">Disney<\/a><a href=\"https:\/\/tkconcierge.com.br\/index.php\/category\/infomacao-util\/\" title=\"Infoma\u00e7\u00e3o \u00fatil\">Infoma\u00e7\u00e3o \u00fatil<\/a><\/div><\/div><\/div><div class=\"ebpg-entry-content\"><div class=\"ebpg-grid-post-excerpt\">\n            <p>\nQuando voc\u00ea compra unm ingresso para os parques da Walt Disney World Resort duas detalhes devem ser observados. Data de&#8230;<\/p>\n        <\/div><\/div><div class=\"ebpg-entry-meta ebpg-footer-meta\"><div class=\"ebpg-entry-meta-items\"><\/div><\/div><\/div><\/div><\/article>    <\/div>\n<\/div>\n\n\n\n<div class=\"wp-block-query alignfull is-layout-flow\">\n<div class=\"wp-block-group alignfull is-layout-constrained\" style=\"padding-top:0;padding-right:var(--wp--preset--spacing--40);padding-bottom:var(--wp--preset--spacing--40);padding-left:var(--wp--preset--spacing--40)\"><div class=\"wp-block-group__inner-container\"><ul style=\"text-transform:none;\" class=\"alignfull wp-block-post-template is-layout-flow\"><li class=\"wp-block-post post-1627 post type-post status-publish format-standard has-post-thumbnail hentry category-disney category-hoteis category-infomacao-util category-sobre-a-cidade category-universal tag-disney tag-eua\">\n\n<p><\/p>\n\n<\/li><li class=\"wp-block-post post-1620 post type-post status-publish format-standard has-post-thumbnail hentry category-atracoes category-universal tag-eua tag-experiencias tag-parques\">\n\n<p><\/p>\n\n<\/li><li class=\"wp-block-post post-1612 post type-post status-publish format-standard has-post-thumbnail hentry category-hoteis category-universal tag-eua tag-hotel\">\n\n<p><\/p>\n\n<\/li><\/ul><\/div><\/div>\n\n\n\n<div class=\"wp-block-group is-layout-constrained\" style=\"margin-top:0;margin-bottom:0;padding-top:var(--wp--preset--spacing--40);padding-right:var(--wp--preset--spacing--40);padding-bottom:var(--wp--preset--spacing--40);padding-left:var(--wp--preset--spacing--40)\"><div class=\"wp-block-group__inner-container\"><nav class=\"wp-block-query-pagination is-content-justification-space-between is-nowrap is-layout-flex wp-container-3\" aria-label=\"Pagination\">\n\n\n<a href=\"\/index.php\/wp-json\/wp\/v2\/pages\/1374?query-1-page=2\" style=\"font-size:2rem;font-style:normal;font-weight:600;text-transform:uppercase;letter-spacing:1px;\" class=\"wp-block-query-pagination-next\">Next Page<\/a>\n<\/nav><\/div><\/div>\n<\/div>\n","protected":false},"excerpt":{"rendered":"","protected":false},"author":1,"featured_media":0,"parent":0,"menu_order":0,"comment_status":"closed","ping_status":"closed","template":"","meta":{"_eb_attr":"","_uag_custom_page_level_css":"","site-sidebar-layout":"default","site-content-layout":"default","ast-main-header-display":"","ast-hfb-above-header-display":"","ast-hfb-below-header-display":"","ast-hfb-mobile-header-display":"","site-post-title":"","ast-breadcrumbs-content":"","ast-featured-img":"","footer-sml-layout":"","theme-transparent-header-meta":"","adv-header-id-meta":"","stick-header-meta":"","header-above-stick-meta":"","header-main-stick-meta":"","header-below-stick-meta":""},"uagb_featured_image_src":{"full":false,"thumbnail":false,"medium":false,"medium_large":false,"large":false,"1536x1536":false,"2048x2048":false,"woocommerce_thumbnail":false,"woocommerce_single":false,"woocommerce_gallery_thumbnail":false},"uagb_author_info":{"display_name":"julianatkatch","author_link":"https:\/\/tkconcierge.com.br\/index.php\/author\/julianatkatch\/"},"uagb_comment_info":0,"uagb_excerpt":null,"_links":{"self":[{"href":"https:\/\/tkconcierge.com.br\/index.php\/wp-json\/wp\/v2\/pages\/1374"}],"collection":[{"href":"https:\/\/tkconcierge.com.br\/index.php\/wp-json\/wp\/v2\/pages"}],"about":[{"href":"https:\/\/tkconcierge.com.br\/index.php\/wp-json\/wp\/v2\/types\/page"}],"author":[{"embeddable":true,"href":"https:\/\/tkconcierge.com.br\/index.php\/wp-json\/wp\/v2\/users\/1"}],"replies":[{"embeddable":true,"href":"https:\/\/tkconcierge.com.br\/index.php\/wp-json\/wp\/v2\/comments?post=1374"}],"version-history":[{"count":16,"href":"https:\/\/tkconcierge.com.br\/index.php\/wp-json\/wp\/v2\/pages\/1374\/revisions"}],"predecessor-version":[{"id":1481,"href":"https:\/\/tkconcierge.com.br\/index.php\/wp-json\/wp\/v2\/pages\/1374\/revisions\/1481"}],"wp:attachment":[{"href":"https:\/\/tkconcierge.com.br\/index.php\/wp-json\/wp\/v2\/media?parent=1374"}],"curies":[{"name":"wp","href":"https:\/\/api.w.org\/{rel}","templated":true}]}}